{"id":17,"date":"2014-05-01T10:55:06","date_gmt":"2014-05-01T08:55:06","guid":{"rendered":"http:\/\/vetter-bau.com\/wordpress\/?page_id=17"},"modified":"2020-04-14T17:11:25","modified_gmt":"2020-04-14T15:11:25","slug":"referenzen-2","status":"publish","type":"page","link":"https:\/\/vetter-bau.com\/?page_id=17","title":{"rendered":"Kunden, die wir \u00fcberzeugen konnten"},"content":{"rendered":"<p><span class=\"blaugross\">Wir freuen uns, folgende Kunden von unseren Leistungen \u00fcberzeugt zu haben<\/span><\/p>\n<ul>\n<li>Benetton Frankfurt<\/li>\n<li>Intertours Offenbach<\/li>\n<li>Bitburger Brauerei<\/li>\n<li>B\u00fcro-plan Frankfurt<\/li>\n<li>Schlafender Hase Software<\/li>\n<li>Caf\u00e9 Hauptwache Frankfurt<\/li>\n<li>Mantis Bar\u00a0 Grill<\/li>\n<li>Mantis Roogarden<\/li>\n<li>Steuerb\u00fcro Dr. Helm Treuhand<\/li>\n<li>Fletchers Better Burger Ffm City<\/li>\n<li>Fletchers Better Burger Ffm NWZ<\/li>\n<li>Pizzeria Montana Ffm City<\/li>\n<li>Eis Christina<\/li>\n<li>Ristorante Settimo Cielo<\/li>\n<li>Osteria Amoroso<\/li>\n<li>Meder Haushaltsweren und Spielzeuge Ffm Bornheim<\/li>\n<li>Galosche Schuhe Kronberg<\/li>\n<li>Alte Leipziger Versicherungen Oberursel<\/li>\n<li>Christ Juweliere und Uhrmacher Bundesweit<\/li>\n<li>Der B\u00e4cker Eifler<\/li>\n<li>B\u00e4ckerei Schaan<\/li>\n<li>Cafe` Ernst<\/li>\n<li>B\u00e4ckerei Mayer<\/li>\n<li>Cafe` Talk Ffm City<\/li>\n<li>Mode Kreativ Werkstatt Diakonie Frankfurt<\/li>\n<li>Medienhaus Frankfurt<\/li>\n<li>Restaurant Das Leben ist Sch\u00f6n Ffm Ost<\/li>\n<li>Elektro Ehinger Frankfurt<\/li>\n<li>Elektro Netz Oberursel<\/li>\n<li>NFE Elektro und Netzwerk Ffm Ost<\/li>\n<li>Douglas Parf\u00fcmerie<\/li>\n<li>Juwelier Bigel Ffm City<\/li>\n<li>Franconofurt AG Ffm<\/li>\n<li>Uptown Immobilien<\/li>\n<li>Bogner Ffm Goethestr.<\/li>\n<li>Fitness Studio Topform<\/li>\n<li>Frankfurter Kleinwohnungs-Gesellschaft<\/li>\n<li>Fraport<\/li>\n<li>GDA-Wohnstift Ffm City<\/li>\n<li>Fidelity Fonds Kronberg<\/li>\n<li>Lufthansa<\/li>\n<li>MMZ Architekten Ffm City<\/li>\n<li>Linklaters Ffm City<\/li>\n<li>Allianz<\/li>\n<li>Christuskirche Oberursel<\/li>\n<li>Messe Frankfurt<\/li>\n<li>Raab Karcher Frankfurt<\/li>\n<li>Siemens ( KWU )<\/li>\n<li>Sport &amp; Fitnesspark Steinbach<\/li>\n<li>Werbeagentur 100 Grad Ffm R\u00f6delheim<\/li>\n<li>Cafe Heller Oberursel<\/li>\n<li>Minibar Ffm Bornheim<\/li>\n<li>Heller Pralinen Oberursel<\/li>\n<li><em>Und alle unsere Privatkunden die nicht genannt werden wollen.<\/em><\/li>\n<\/ul>\n","protected":false},"excerpt":{"rendered":"<p>Wir freuen uns, folgende Kunden von unseren Leistungen \u00fcberzeugt zu haben Benetton Frankfurt Intertours Offenbach Bitburger Brauerei B\u00fcro-plan Frankfurt Schlafender Hase Software Caf\u00e9 Hauptwache Frankfurt Mantis Bar\u00a0 Grill Mantis Roogarden Steuerb\u00fcro Dr. Helm Treuhand Fletchers Better Burger Ffm City Fletchers Better Burger Ffm NWZ Pizzeria Montana Ffm City Eis Christina\u2026<\/p>\n<p> <a class=\"continue-reading-link\" href=\"https:\/\/vetter-bau.com\/?page_id=17\"><span>Continue reading<\/span><i class=\"crycon-right-dir\"><\/i><\/a> <\/p>\n","protected":false},"author":1,"featured_media":0,"parent":0,"menu_order":0,"comment_status":"closed","ping_status":"closed","template":"","meta":{"footnotes":""},"class_list":["post-17","page","type-page","status-publish","hentry"],"_links":{"self":[{"href":"https:\/\/vetter-bau.com\/index.php?rest_route=\/wp\/v2\/pages\/17","targetHints":{"allow":["GET"]}}],"collection":[{"href":"https:\/\/vetter-bau.com\/index.php?rest_route=\/wp\/v2\/pages"}],"about":[{"href":"https:\/\/vetter-bau.com\/index.php?rest_route=\/wp\/v2\/types\/page"}],"author":[{"embeddable":true,"href":"https:\/\/vetter-bau.com\/index.php?rest_route=\/wp\/v2\/users\/1"}],"replies":[{"embeddable":true,"href":"https:\/\/vetter-bau.com\/index.php?rest_route=%2Fwp%2Fv2%2Fcomments&post=17"}],"version-history":[{"count":9,"href":"https:\/\/vetter-bau.com\/index.php?rest_route=\/wp\/v2\/pages\/17\/revisions"}],"predecessor-version":[{"id":148,"href":"https:\/\/vetter-bau.com\/index.php?rest_route=\/wp\/v2\/pages\/17\/revisions\/148"}],"wp:attachment":[{"href":"https:\/\/vetter-bau.com\/index.php?rest_route=%2Fwp%2Fv2%2Fmedia&parent=17"}],"curies":[{"name":"wp","href":"https:\/\/api.w.org\/{rel}","templated":true}]}}